{"id":112,"date":"2009-09-06T12:00:42","date_gmt":"2009-09-06T10:00:42","guid":{"rendered":"http:\/\/www.fc-eschach.de\/?page_id=112"},"modified":"2017-04-20T19:45:15","modified_gmt":"2017-04-20T17:45:15","slug":"sponsoren-und-links","status":"publish","type":"page","link":"http:\/\/www.fc-eschach.de\/?page_id=112","title":{"rendered":"Sponsoren und Links"},"content":{"rendered":"<h4>Sponsoren und Unterst\u00fctzer des Vereins<\/h4>\n<p><a href=\"http:\/\/www.rm-dachdeckermeister.de\" target=\"_blank\">Dachdeckermeister Roland M\u00fcller<\/a><\/p>\n<p>DVAG Volker Schmid<\/p>\n<p><a href=\"http:\/\/www.fm-maschinen.de\" target=\"_blank\">FM Maschinen<\/a><\/p>\n<p><a href=\"https:\/\/www.heizoel-gartenmeier.de\" target=\"_blank\">Heiz\u00f6l Gartenmaier<\/a><\/p>\n<p><a href=\"http:\/\/www.icotek.com\" target=\"_blank\">icotek GmbH<\/a><\/p>\n<p><a href=\"http:\/\/www.jumpmax.de\/\" target=\"_blank\">Jumpmax<\/a><\/p>\n<p>Klima Therm<\/p>\n<p><a href=\"http:\/\/www.ksk-ostalb.de\/\" target=\"_blank\">KSK Ostalb<\/a><\/p>\n<p><a href=\"http:\/\/www.raiba-mutlangen.de\" target=\"_blank\">Raiffeisenbank Mutlangen eG<\/a><\/p>\n<p>Schreinerei K\u00f6ngeter<\/p>\n<p>W\u00fcrttembergische Untergr\u00f6ningen Klaus H\u00e4gele<\/p>\n<p>&nbsp;<\/p>\n<h4>Verb\u00e4nde<\/h4>\n<p><a href=\"http:\/\/www.wuerttfv.de\/\" target=\"_blank\">W\u00fcrttembergischer Fu\u00dfballverband e.V.<\/a><\/p>\n<p>&nbsp;<\/p>\n<h4>N\u00fctzliche Links<\/h4>\n<p><a href=\"http:\/\/www.fussball.de\/homepage#!\/\" target=\"_blank\">Ergebnisdienst &#8211; Fussball.de<\/a><\/p>\n<p><a href=\"https:\/\/www.facebook.com\/1.FCEschach\/\" target=\"_blank\">Facebookseite des 1.FC Eschach<br \/>\n<\/a><\/p>\n","protected":false},"excerpt":{"rendered":"<p>Sponsoren und Unterst\u00fctzer des Vereins Dachdeckermeister Roland M\u00fcller DVAG Volker Schmid FM Maschinen Heiz\u00f6l Gartenmaier icotek GmbH Jumpmax Klima Therm KSK Ostalb Raiffeisenbank Mutlangen eG Schreinerei K\u00f6ngeter W\u00fcrttembergische Untergr\u00f6ningen Klaus &hellip; <a href=\"http:\/\/www.fc-eschach.de\/?page_id=112\" class=\"more-link\"><span class=\"screen-reader-text\">Sponsoren und Links<\/span> weiterlesen <span class=\"meta-nav\">&rarr;<\/span><\/a><\/p>\n","protected":false},"author":2,"featured_media":0,"parent":0,"menu_order":6,"comment_status":"closed","ping_status":"closed","template":"","meta":{"footnotes":""},"class_list":["post-112","page","type-page","status-publish","hentry"],"_links":{"self":[{"href":"http:\/\/www.fc-eschach.de\/index.php?rest_route=\/wp\/v2\/pages\/112","targetHints":{"allow":["GET"]}}],"collection":[{"href":"http:\/\/www.fc-eschach.de\/index.php?rest_route=\/wp\/v2\/pages"}],"about":[{"href":"http:\/\/www.fc-eschach.de\/index.php?rest_route=\/wp\/v2\/types\/page"}],"author":[{"embeddable":true,"href":"http:\/\/www.fc-eschach.de\/index.php?rest_route=\/wp\/v2\/users\/2"}],"replies":[{"embeddable":true,"href":"http:\/\/www.fc-eschach.de\/index.php?rest_route=%2Fwp%2Fv2%2Fcomments&post=112"}],"version-history":[{"count":44,"href":"http:\/\/www.fc-eschach.de\/index.php?rest_route=\/wp\/v2\/pages\/112\/revisions"}],"predecessor-version":[{"id":3082,"href":"http:\/\/www.fc-eschach.de\/index.php?rest_route=\/wp\/v2\/pages\/112\/revisions\/3082"}],"wp:attachment":[{"href":"http:\/\/www.fc-eschach.de\/index.php?rest_route=%2Fwp%2Fv2%2Fmedia&parent=112"}],"curies":[{"name":"wp","href":"https:\/\/api.w.org\/{rel}","templated":true}]}}