{"id":2817,"date":"2016-04-06T10:39:22","date_gmt":"2016-04-06T08:39:22","guid":{"rendered":"http:\/\/www.fc-eschach.de\/?page_id=2817"},"modified":"2021-09-28T19:15:38","modified_gmt":"2021-09-28T17:15:38","slug":"junioren","status":"publish","type":"page","link":"http:\/\/www.fc-eschach.de\/?page_id=2817","title":{"rendered":"Junioren\/innen"},"content":{"rendered":"<p>Zur Saison 2021\/2022 haben wir zusammen mit den Vereinen FV Hohenstadt, TSV Untergr\u00f6ningen, FC Schechingen und SV G\u00f6ggingen eine neue Spielgemeinschaft im Jugendfu\u00dfball gegr\u00fcndet \u2013 das J<span class=\"d2edcug0 hpfvmrgz qv66sw1b c1et5uql oi732d6d ik7dh3pa ht8s03o8 a8c37x1j keod5gw0 nxhoafnm aigsh9s9 d3f4x2em fe6kdd0r mau55g9w c8b282yb iv3no6db jq4qci2q a3bd9o3v knj5qynh oo9gr5id hzawbc8m\" dir=\"auto\">uniorteam Kocher-Lein.<\/span><\/p>\n<p>Damit Sie sich einen \u00dcberblick \u00fcber die einzelnen Jugenden verschaffen k\u00f6nnen, finden Sie die wichtigsten Informationen in den jeweiligen Unterseiten:<\/p>\n<p><a href=\"http:\/\/www.fc-eschach.de\/?page_id=71\">A-Junioren<\/a><\/p>\n<p><a href=\"http:\/\/www.fc-eschach.de\/?page_id=74\">B-Junioren<\/a><\/p>\n<p><a href=\"http:\/\/www.fc-eschach.de\/?page_id=76\">C-Junioren<\/a><\/p>\n<p><a href=\"http:\/\/www.fc-eschach.de\/?page_id=79\">D-Junioren<\/a><\/p>\n<p><a href=\"http:\/\/www.fc-eschach.de\/?page_id=81\">E-Junioren<\/a><\/p>\n<p><a href=\"http:\/\/www.fc-eschach.de\/?page_id=83\">F-Junioren<\/a><\/p>\n<p><a href=\"http:\/\/www.fc-eschach.de\/?page_id=85\">Bambini \/ G-Junioren<\/a><\/p>\n","protected":false},"excerpt":{"rendered":"<p>Zur Saison 2021\/2022 haben wir zusammen mit den Vereinen FV Hohenstadt, TSV Untergr\u00f6ningen, FC Schechingen und SV G\u00f6ggingen eine neue Spielgemeinschaft im Jugendfu\u00dfball gegr\u00fcndet \u2013 das Juniorteam Kocher-Lein. Damit Sie &hellip; <a href=\"http:\/\/www.fc-eschach.de\/?page_id=2817\" class=\"more-link\"><span class=\"screen-reader-text\">Junioren\/innen<\/span> weiterlesen <span class=\"meta-nav\">&rarr;<\/span><\/a><\/p>\n","protected":false},"author":2,"featured_media":0,"parent":58,"menu_order":3,"comment_status":"closed","ping_status":"closed","template":"","meta":{"footnotes":""},"class_list":["post-2817","page","type-page","status-publish","hentry"],"_links":{"self":[{"href":"http:\/\/www.fc-eschach.de\/index.php?rest_route=\/wp\/v2\/pages\/2817","targetHints":{"allow":["GET"]}}],"collection":[{"href":"http:\/\/www.fc-eschach.de\/index.php?rest_route=\/wp\/v2\/pages"}],"about":[{"href":"http:\/\/www.fc-eschach.de\/index.php?rest_route=\/wp\/v2\/types\/page"}],"author":[{"embeddable":true,"href":"http:\/\/www.fc-eschach.de\/index.php?rest_route=\/wp\/v2\/users\/2"}],"replies":[{"embeddable":true,"href":"http:\/\/www.fc-eschach.de\/index.php?rest_route=%2Fwp%2Fv2%2Fcomments&post=2817"}],"version-history":[{"count":11,"href":"http:\/\/www.fc-eschach.de\/index.php?rest_route=\/wp\/v2\/pages\/2817\/revisions"}],"predecessor-version":[{"id":3365,"href":"http:\/\/www.fc-eschach.de\/index.php?rest_route=\/wp\/v2\/pages\/2817\/revisions\/3365"}],"up":[{"embeddable":true,"href":"http:\/\/www.fc-eschach.de\/index.php?rest_route=\/wp\/v2\/pages\/58"}],"wp:attachment":[{"href":"http:\/\/www.fc-eschach.de\/index.php?rest_route=%2Fwp%2Fv2%2Fmedia&parent=2817"}],"curies":[{"name":"wp","href":"https:\/\/api.w.org\/{rel}","templated":true}]}}