{"id":58,"date":"2009-09-06T12:00:39","date_gmt":"2009-09-06T10:00:39","guid":{"rendered":"http:\/\/www.fc-eschach.de\/?page_id=58"},"modified":"2020-08-27T11:01:19","modified_gmt":"2020-08-27T09:01:19","slug":"fusball","status":"publish","type":"page","link":"http:\/\/www.fc-eschach.de\/?page_id=58","title":{"rendered":"Fu\u00dfball"},"content":{"rendered":"<p>Die Aktivit\u00e4ten des Fu\u00dfballvereins bereichern das gesellschaftliche Leben in unserer Gemeinde. Der 1.FC Eschach, mit der Abteilung Fu\u00dfball, tr\u00e4gt ma\u00dfgeblich dazu bei. Dies f\u00e4ngt bei den Kleinsten der G-Junioren (Bambini) an, bis hin zur AH.<\/p>\n<p>Wir schaffen ein Umfeld, ein Vereinsklima, in dem sich jeder wohl f\u00fchlt. Ob Kind, Jugendlicher oder Erwachsener, Spieler oder Mitarbeiter, jeder wird als Mensch akzeptiert und respektiert.<\/p>\n<p>In einer Fu\u00dfballmannschaft wird bei jedem seiner Mitglieder seine individuelle sportliche Veranlagung und seine Pers\u00f6nlichkeit gefordert und gef\u00f6rdert. Gleichzeitig lernen unsere Nachwuchsspieler\/innen sportliche und soziale Verhaltensweisen, die im Team st\u00e4ndig umgesetzt werden muss.<\/p>\n<p>Im Fu\u00dfballverein wird den jungen Menschen somit nicht nur das Fu\u00dfball spielen beigebracht. Den Kindern und Jugendlichen werden im Vereinsleben immer auch Werte vermittelt. Verantwortlich f\u00fcr die Vermittlung von sportlichen Fertigkeiten, von sozialen und individuellen Verhaltensweisen sind die Mitarbeiterinnen und Mitarbeiter des jeweiligen Vereins.<\/p>\n<p>Im Spielbetrieb hat der FC Eschach derzeit 2 Aktive Herren Mannschaften:<br \/>\n1. Mannschaft (Kreisliga B2) und eine 2. Mannschaft (Reserve).<\/p>\n<p>Unsere Damen stellen zusammen mit dem FC Alfdorf ein Team in der Frauen Bezirksliga Ostw\u00fcrttemberg.<\/p>\n<p>In den Jugendmannschaften stellen sich dem sportlichen Wettkampf die<br \/>\nB-Junioren, C-Junioren, D-Junioren, E-Junioren, F-Junioren, G-Junioren (Bambinis).<\/p>\n<p>Damit das auch in Zukunft so bleiben kann, freut sich der Verein \u00fcber Unterst\u00fctzung jeglicher Art, ob als aktives Teammitglied, Jugendtrainer oder Zuschauer.<\/p>\n","protected":false},"excerpt":{"rendered":"<p>Die Aktivit\u00e4ten des Fu\u00dfballvereins bereichern das gesellschaftliche Leben in unserer Gemeinde. Der 1.FC Eschach, mit der Abteilung Fu\u00dfball, tr\u00e4gt ma\u00dfgeblich dazu bei. Dies f\u00e4ngt bei den Kleinsten der G-Junioren (Bambini) &hellip; <a href=\"http:\/\/www.fc-eschach.de\/?page_id=58\" class=\"more-link\"><span class=\"screen-reader-text\">Fu\u00dfball<\/span> weiterlesen <span class=\"meta-nav\">&rarr;<\/span><\/a><\/p>\n","protected":false},"author":2,"featured_media":0,"parent":0,"menu_order":2,"comment_status":"closed","ping_status":"closed","template":"","meta":{"footnotes":""},"class_list":["post-58","page","type-page","status-publish","hentry"],"_links":{"self":[{"href":"http:\/\/www.fc-eschach.de\/index.php?rest_route=\/wp\/v2\/pages\/58","targetHints":{"allow":["GET"]}}],"collection":[{"href":"http:\/\/www.fc-eschach.de\/index.php?rest_route=\/wp\/v2\/pages"}],"about":[{"href":"http:\/\/www.fc-eschach.de\/index.php?rest_route=\/wp\/v2\/types\/page"}],"author":[{"embeddable":true,"href":"http:\/\/www.fc-eschach.de\/index.php?rest_route=\/wp\/v2\/users\/2"}],"replies":[{"embeddable":true,"href":"http:\/\/www.fc-eschach.de\/index.php?rest_route=%2Fwp%2Fv2%2Fcomments&post=58"}],"version-history":[{"count":6,"href":"http:\/\/www.fc-eschach.de\/index.php?rest_route=\/wp\/v2\/pages\/58\/revisions"}],"predecessor-version":[{"id":3307,"href":"http:\/\/www.fc-eschach.de\/index.php?rest_route=\/wp\/v2\/pages\/58\/revisions\/3307"}],"wp:attachment":[{"href":"http:\/\/www.fc-eschach.de\/index.php?rest_route=%2Fwp%2Fv2%2Fmedia&parent=58"}],"curies":[{"name":"wp","href":"https:\/\/api.w.org\/{rel}","templated":true}]}}