{"id":81,"date":"2009-09-06T12:00:44","date_gmt":"2009-09-06T10:00:44","guid":{"rendered":"http:\/\/www.fc-eschach.de\/?page_id=81"},"modified":"2022-11-01T14:55:24","modified_gmt":"2022-11-01T13:55:24","slug":"e-junioren","status":"publish","type":"page","link":"http:\/\/www.fc-eschach.de\/?page_id=81","title":{"rendered":"E-Junioren"},"content":{"rendered":"<p>Zur Saison 2021\/2022 haben wir zusammen mit den Vereinen FV Hohenstadt, TSV Untergr\u00f6ningen, FC Schechingen und SV G\u00f6ggingen eine neue Spielgemeinschaft im Jugendfu\u00dfball gegr\u00fcndet \u2013 das J<span class=\"d2edcug0 hpfvmrgz qv66sw1b c1et5uql oi732d6d ik7dh3pa ht8s03o8 a8c37x1j keod5gw0 nxhoafnm aigsh9s9 d3f4x2em fe6kdd0r mau55g9w c8b282yb iv3no6db jq4qci2q a3bd9o3v knj5qynh oo9gr5id hzawbc8m\" dir=\"auto\">uniorteam Kocher-Lein.<\/span><\/p>\n<p><strong>Trainingszeiten E-Junioren (Jg 2011\/2012)<br \/>\n<\/strong><\/p>\n<p>Di. 17.00 \u2013 18.30 Uhr in Eschach<br \/>\nDo. 17.00 \u2013 18.30 Uhr in G\u00f6ggingen<\/p>\n<p>E-Junioren &#8211; SGM SV G\u00f6ggingen Juniorteam Kocher-Lein I<br \/>\n<a href=\"https:\/\/www.fussball.de\/mannschaft\/sgm-sv-goeggingen-juniorteam-kocher-lein-i-sv-goeggingen-wuerttemberg\/-\/saison\/2223\/team-id\/01SDVOSANS000000VS548984VVB63HJG#!\/\" target=\"_blank\" rel=\"noopener noreferrer\">Qualistaffel 3<\/a><\/p>\n<p>E-Junioren &#8211; SGM SV G\u00f6ggingen Juniorteam Kocher-Lein II<br \/>\n<a href=\"https:\/\/www.fussball.de\/mannschaft\/sgm-sv-goeggingen-juniorteam-kocher-lein-ii-sv-goeggingen-wuerttemberg\/-\/saison\/2223\/team-id\/01SDVP3LK8000000VS548984VVB63HJG#!\/\" target=\"_blank\" rel=\"noopener noreferrer\">Qualistaffel 4<\/a><\/p>\n<p>E-Junioren &#8211; SGM SV G\u00f6ggingen Juniorteam Kocher-Lein III<br \/>\n<a href=\"https:\/\/www.fussball.de\/mannschaft\/sgm-sv-goeggingen-juniorteam-kocher-lein-iii-sv-goeggingen-wuerttemberg\/-\/saison\/2223\/team-id\/02F5BAQFB8000000VS5489B1VVS28625#!\/\" target=\"_blank\" rel=\"noopener noreferrer\">Qualistaffel 16<\/a><\/p>\n<p>Kontakt: Steffen F\u00f6rstner (steffen.foerstner(at)t-online.de)<\/p>\n","protected":false},"excerpt":{"rendered":"<p>Zur Saison 2021\/2022 haben wir zusammen mit den Vereinen FV Hohenstadt, TSV Untergr\u00f6ningen, FC Schechingen und SV G\u00f6ggingen eine neue Spielgemeinschaft im Jugendfu\u00dfball gegr\u00fcndet \u2013 das Juniorteam Kocher-Lein. Trainingszeiten E-Junioren &hellip; <a href=\"http:\/\/www.fc-eschach.de\/?page_id=81\" class=\"more-link\"><span class=\"screen-reader-text\">E-Junioren<\/span> weiterlesen <span class=\"meta-nav\">&rarr;<\/span><\/a><\/p>\n","protected":false},"author":2,"featured_media":0,"parent":2817,"menu_order":5,"comment_status":"closed","ping_status":"closed","template":"","meta":{"footnotes":""},"class_list":["post-81","page","type-page","status-publish","hentry"],"_links":{"self":[{"href":"http:\/\/www.fc-eschach.de\/index.php?rest_route=\/wp\/v2\/pages\/81","targetHints":{"allow":["GET"]}}],"collection":[{"href":"http:\/\/www.fc-eschach.de\/index.php?rest_route=\/wp\/v2\/pages"}],"about":[{"href":"http:\/\/www.fc-eschach.de\/index.php?rest_route=\/wp\/v2\/types\/page"}],"author":[{"embeddable":true,"href":"http:\/\/www.fc-eschach.de\/index.php?rest_route=\/wp\/v2\/users\/2"}],"replies":[{"embeddable":true,"href":"http:\/\/www.fc-eschach.de\/index.php?rest_route=%2Fwp%2Fv2%2Fcomments&post=81"}],"version-history":[{"count":52,"href":"http:\/\/www.fc-eschach.de\/index.php?rest_route=\/wp\/v2\/pages\/81\/revisions"}],"predecessor-version":[{"id":3412,"href":"http:\/\/www.fc-eschach.de\/index.php?rest_route=\/wp\/v2\/pages\/81\/revisions\/3412"}],"up":[{"embeddable":true,"href":"http:\/\/www.fc-eschach.de\/index.php?rest_route=\/wp\/v2\/pages\/2817"}],"wp:attachment":[{"href":"http:\/\/www.fc-eschach.de\/index.php?rest_route=%2Fwp%2Fv2%2Fmedia&parent=81"}],"curies":[{"name":"wp","href":"https:\/\/api.w.org\/{rel}","templated":true}]}}